{"id":1090,"date":"2026-01-25T01:02:04","date_gmt":"2026-01-25T01:02:04","guid":{"rendered":"https:\/\/staging.ipa-aip.org\/acciones\/"},"modified":"2026-04-08T13:17:04","modified_gmt":"2026-04-08T13:17:04","slug":"acciones","status":"publish","type":"page","link":"https:\/\/staging.ipa-aip.org\/es\/acciones\/","title":{"rendered":"Acciones"},"content":{"rendered":"\n<div class=\"wp-block-group alignfull has-palette-color-1-background-color has-background is-layout-constrained wp-block-group-is-layout-constrained\" style=\"margin-top:0px;margin-bottom:0px;background-image:url(&apos;https:\/\/staging.ipa-aip.org\/wp-content\/uploads\/2026\/03\/Header-banners_Actions.webp&apos;);background-size:cover;\">\n<div class=\"wp-block-group is-vertical is-layout-flex wp-container-core-group-is-layout-d6b9ab57 wp-block-group-is-layout-flex\" style=\"min-height:70vh\">\n<h2 class=\"wp-block-heading has-palette-color-8-color has-text-color has-link-color has-aip-font-size wp-elements-6de39ec4b10103c1f615167d91f9b2e6\" style=\"font-style:normal;font-weight:1000;line-height:1\">ACCIONES<\/h2>\n<\/div>\n<\/div>\n\n\n\n<div class=\"wp-block-group alignfull has-palette-color-2-background-color has-background is-layout-constrained wp-block-group-is-layout-constrained\" style=\"margin-top:0px;margin-bottom:0px;padding-top:var(--wp--preset--spacing--70);padding-bottom:var(--wp--preset--spacing--70)\">\n<div class=\"wp-block-columns is-layout-flex wp-container-core-columns-is-layout-28f84493 wp-block-columns-is-layout-flex\">\n<div class=\"wp-block-column pos-relative political-platform-left is-layout-flow wp-block-column-is-layout-flow\">\n<h2 class=\"wp-block-heading has-palette-color-8-color has-text-color has-link-color has-aip-font-size wp-elements-a80a6ae2e5d4726b6283819d14fc0b90\" style=\"font-style:normal;font-weight:1000;line-height:1\">PLATAFORMA POL\u00cdTICA<\/h2>\n\n\n\n<p class=\"has-palette-color-8-color has-text-color has-link-color has-p-huge-font-size wp-elements-10df7a32fe94f35f870a32f44883674c\">La humanidad enfrenta una profunda crisis capitalista de desigualdad, guerra y colapso ecol\u00f3gico. En su Plataforma Pol\u00edtica, la AIP presenta reflexiones y propuestas basadas en la unidad, la formaci\u00f3n pol\u00edtica y la solidaridad internacional para derrotar al imperialismo, avanzar hacia el socialismo y abrir un camino de emancipaci\u00f3n humana. <\/p>\n\n\n\n<div class=\"wp-block-buttons is-layout-flex wp-block-buttons-is-layout-flex\">\n<div class=\"wp-block-button\"><a class=\"wp-block-button__link has-normal-font-size has-custom-font-size wp-element-button\" href=\"https:\/\/staging.ipa-aip.org\/es\/plataforma-politica\/\" style=\"border-top-left-radius:8px;border-top-right-radius:8px;border-bottom-left-radius:8px;border-bottom-right-radius:8px\">LEER M\u00c1S<\/a><\/div>\n<\/div>\n\n\n\n<figure class=\"wp-block-image size-full political-platform-float-image\"><img loading=\"lazy\" decoding=\"async\" width=\"526\" height=\"597\" src=\"https:\/\/staging.ipa-aip.org\/wp-content\/uploads\/2026\/01\/circle.webp\" alt=\"\" class=\"wp-image-246\" srcset=\"https:\/\/staging.ipa-aip.org\/wp-content\/uploads\/2026\/01\/circle.webp 526w, https:\/\/staging.ipa-aip.org\/wp-content\/uploads\/2026\/01\/circle-264x300.webp 264w\" sizes=\"auto, (max-width: 526px) 100vw, 526px\" \/><\/figure>\n<\/div>\n\n\n\n<div class=\"wp-block-column is-layout-flow wp-container-core-column-is-layout-964819ab wp-block-column-is-layout-flow\" style=\"padding-top:0;padding-bottom:0\">\n<div class=\"wp-block-group is-layout-constrained wp-container-core-group-is-layout-4548b604 wp-block-group-is-layout-constrained\">\n<div class=\"wp-block-buttons is-layout-flex wp-block-buttons-is-layout-flex\">\n<div class=\"wp-block-button pill\"><a class=\"wp-block-button__link has-palette-color-4-color has-palette-color-14-background-color has-text-color has-background has-link-color has-normal-font-size has-custom-font-size wp-element-button\" style=\"padding-top:0rem;padding-bottom:0rem;font-style:normal;font-weight:400;text-transform:uppercase\">UN MUNDO EN CRISIS<\/a><\/div>\n<\/div>\n\n\n\n<p class=\"has-palette-color-8-color has-text-color has-link-color wp-elements-f8bd816ce2bc1e8daf9274b9e10ac1c5\" style=\"font-style:normal;font-weight:600;letter-spacing:0.32px;line-height:1\">El capitalismo enfrenta una profunda crisis estructural que impulsa la desigualdad, el colapso ecol\u00f3gico, la decadencia pol\u00edtica y las guerras imperialistas, mientras el declive de EE. UU., la financiarizaci\u00f3n y el neofascismo amenazan a los pueblos, la democracia y el planeta.<\/p>\n<\/div>\n\n\n\n<div class=\"wp-block-group is-layout-constrained wp-container-core-group-is-layout-4548b604 wp-block-group-is-layout-constrained\">\n<div class=\"wp-block-buttons is-layout-flex wp-block-buttons-is-layout-flex\">\n<div class=\"wp-block-button pill\"><a class=\"wp-block-button__link has-palette-color-4-color has-palette-color-6-background-color has-text-color has-background has-link-color has-normal-font-size has-custom-font-size wp-element-button\" style=\"padding-top:0rem;padding-bottom:0rem;font-style:normal;font-weight:400;text-transform:uppercase\">ARTICULACI\u00d3N POPULAR COMO RESPUESTA A LA CRISIS<\/a><\/div>\n<\/div>\n\n\n\n<p class=\"has-palette-color-8-color has-text-color has-link-color wp-elements-ca109bbaa8c50ddb32ad5961591d4655\" style=\"font-style:normal;font-weight:600;letter-spacing:0.32px;line-height:1\">Las organizaciones pol\u00edticas est\u00e1n construyendo una coordinaci\u00f3n internacional a trav\u00e9s de la AIP, uniendo luchas para debatir, formar y desarrollar una plataforma socialista din\u00e1mica que enfrenta el capitalismo y las crisis de la humanidad.<\/p>\n<\/div>\n\n\n\n<div class=\"wp-block-group is-layout-constrained wp-container-core-group-is-layout-4548b604 wp-block-group-is-layout-constrained\">\n<div class=\"wp-block-buttons is-layout-flex wp-block-buttons-is-layout-flex\">\n<div class=\"wp-block-button pill\"><a class=\"wp-block-button__link has-palette-color-4-color has-palette-color-7-background-color has-text-color has-background has-link-color has-normal-font-size has-custom-font-size wp-element-button\" style=\"padding-top:0rem;padding-bottom:0rem;font-style:normal;font-weight:400;text-transform:uppercase\">PLATAFORMA PROGRAMATICA<\/a><\/div>\n<\/div>\n\n\n\n<p class=\"has-palette-color-8-color has-text-color has-link-color wp-elements-bc21b330731f81331462f268db570e38\" style=\"font-style:normal;font-weight:600;letter-spacing:0.32px;line-height:1\">El programa de la AIP impulsa luchas anticapitalistas, antiimperialistas, feministas, antirracistas y ecol\u00f3gicas para construir democracia popular, justicia social, soberan\u00eda y alternativas poscapitalistas centradas en la dignidad, la igualdad y la vida.<\/p>\n<\/div>\n\n\n\n<div class=\"wp-block-group is-layout-constrained wp-container-core-group-is-layout-4548b604 wp-block-group-is-layout-constrained\">\n<div class=\"wp-block-buttons is-layout-flex wp-block-buttons-is-layout-flex\">\n<div class=\"wp-block-button pill\"><a class=\"wp-block-button__link has-palette-color-4-color has-palette-color-12-background-color has-text-color has-background has-link-color has-normal-font-size has-custom-font-size wp-element-button\" style=\"padding-top:0rem;padding-bottom:0rem;font-style:normal;font-weight:400;text-transform:uppercase\">NUESTRA AGENDA EN COMU\u0301N: \u00bfqu\u00e9 hacer?<\/a><\/div>\n<\/div>\n\n\n\n<p class=\"has-palette-color-8-color has-text-color has-link-color wp-elements-7c78f3b12d6702e95c4acf4a423b15f5\" style=\"font-style:normal;font-weight:600;letter-spacing:0.32px;line-height:1\">La AIP llama a la unidad mediante la articulaci\u00f3n internacional concreta, la movilizaci\u00f3n de masas y la formaci\u00f3n pol\u00edtica para construir un poder popular capaz de derrotar al capitalismo y abrir un camino hacia la emancipaci\u00f3n humana.<\/p>\n<\/div>\n<\/div>\n<\/div>\n<\/div>\n\n\n\n<div class=\"wp-block-group alignfull pos-relative is-layout-constrained wp-block-group-is-layout-constrained\" id=\"antiimperialism\">\n<div class=\"wp-block-group is-vertical is-content-justification-right is-layout-flex wp-container-core-group-is-layout-d209dd38 wp-block-group-is-layout-flex\" style=\"min-height:100vh;margin-top:0px;margin-bottom:0px\">\n<div class=\"wp-block-group is-content-justification-right is-layout-constrained wp-container-core-group-is-layout-a3883e76 wp-block-group-is-layout-constrained\">\n<div class=\"wp-block-group is-content-justification-right is-layout-constrained wp-container-core-group-is-layout-c613575e wp-block-group-is-layout-constrained\">\n<h2 class=\"wp-block-heading has-text-align-right has-palette-color-1-color has-text-color has-link-color has-aip-font-size wp-elements-42c2d880761142e5c83e0f43a70f78a2\" style=\"font-style:normal;font-weight:1000;line-height:1\">ANTIIMPERIALISMO<\/h2>\n\n\n\n<p class=\"has-text-align-right has-palette-color-1-color has-text-color has-link-color has-normal-font-size wp-elements-ac7333c0ba76eb0b944aa070b0eaeb0a\">La AIP impulsa una campa\u00f1a permanente antiimperialista que enfrenta el hiperimperialismo liderado por EE. UU. mediante educaci\u00f3n, movilizaci\u00f3n y solidaridad, articulando luchas globales contra guerras, sanciones y ocupaci\u00f3n para construir poder popular.<\/p>\n\n\n\n<div class=\"wp-block-buttons is-content-justification-right is-layout-flex wp-container-core-buttons-is-layout-d445cf74 wp-block-buttons-is-layout-flex\">\n<div class=\"wp-block-button\"><a class=\"wp-block-button__link has-normal-font-size has-custom-font-size wp-element-button\" href=\"https:\/\/staging.ipa-aip.org\/es\/antiimperismo\/\" style=\"border-top-left-radius:8px;border-top-right-radius:8px;border-bottom-left-radius:8px;border-bottom-right-radius:8px\">LEER M\u00c1S<\/a><\/div>\n<\/div>\n<\/div>\n<\/div>\n<\/div>\n\n\n\n<figure class=\"wp-block-image size-large antiimperialism-float-image\"><img loading=\"lazy\" decoding=\"async\" width=\"1024\" height=\"1010\" src=\"https:\/\/staging.ipa-aip.org\/wp-content\/uploads\/2026\/01\/5c7e007e7c80b31d77635702ed8f828a24292956-1024x1010.png\" alt=\"\" class=\"wp-image-244\" srcset=\"https:\/\/staging.ipa-aip.org\/wp-content\/uploads\/2026\/01\/5c7e007e7c80b31d77635702ed8f828a24292956-1024x1010.png 1024w, https:\/\/staging.ipa-aip.org\/wp-content\/uploads\/2026\/01\/5c7e007e7c80b31d77635702ed8f828a24292956-300x296.png 300w, https:\/\/staging.ipa-aip.org\/wp-content\/uploads\/2026\/01\/5c7e007e7c80b31d77635702ed8f828a24292956-768x758.png 768w, https:\/\/staging.ipa-aip.org\/wp-content\/uploads\/2026\/01\/5c7e007e7c80b31d77635702ed8f828a24292956.png 1026w\" sizes=\"auto, (max-width: 1024px) 100vw, 1024px\" \/><\/figure>\n<\/div>\n\n\n\n<div class=\"wp-block-group alignfull is-layout-constrained wp-container-core-group-is-layout-f8b0193c wp-block-group-is-layout-constrained\" id=\"home-campaign-slider\" style=\"margin-top:0px;margin-bottom:0px;padding-top:0px;padding-right:0px;padding-bottom:0px;padding-left:0px\"><div class='custom-slider'><h3 class='float-text'><a href='\/solidarity-campaigns\/'>Campa\u00f1as de<br\/>Solidaridad\n<\/a><\/h3><div class='slide active'><div class='holder'><img loading=\"lazy\" decoding=\"async\" width=\"1828\" height=\"1290\" src=\"https:\/\/staging.ipa-aip.org\/wp-content\/uploads\/2026\/04\/ES-Banner.png\" class=\"attachment-post-thumbnail size-post-thumbnail wp-post-image\" alt=\"\" srcset=\"https:\/\/staging.ipa-aip.org\/wp-content\/uploads\/2026\/04\/ES-Banner.png 1828w, https:\/\/staging.ipa-aip.org\/wp-content\/uploads\/2026\/04\/ES-Banner-300x212.png 300w, https:\/\/staging.ipa-aip.org\/wp-content\/uploads\/2026\/04\/ES-Banner-1024x723.png 1024w, https:\/\/staging.ipa-aip.org\/wp-content\/uploads\/2026\/04\/ES-Banner-768x542.png 768w, https:\/\/staging.ipa-aip.org\/wp-content\/uploads\/2026\/04\/ES-Banner-1536x1084.png 1536w\" sizes=\"auto, (max-width: 1828px) 100vw, 1828px\" \/><div class='content-holder'><div class='content hide_title'><h2>Libertad Pol\u00edtica para los Palestinos<\/h2><div class='wp-block-button is-style-outline'><a href='https:\/\/staging.ipa-aip.org\/es\/campaign\/libertad-politica-para-los-palestinos\/' class='wp-block-button__link has-palette-color-2-color has-palette-color-8-background-color has-text-color has-background has-link-color has-border-color has-normal-font-size has-custom-font-size wp-element-button' style='border-color:var(--theme-palette-color-8, #ffffff);border-top-left-radius:8px;border-top-right-radius:8px;border-bottom-left-radius:8px;border-bottom-right-radius:8px;padding-top:var(--wp--preset--spacing--10);padding-right:var(--wp--preset--spacing--50);padding-bottom:var(--wp--preset--spacing--10);padding-left:var(--wp--preset--spacing--50);font-style:normal;font-weight:700'>LEER M\u00c1S<\/a><\/div><\/div><\/div><\/div><\/div><div class='slide'><div class='holder'><img loading=\"lazy\" decoding=\"async\" width=\"1920\" height=\"1080\" src=\"https:\/\/staging.ipa-aip.org\/wp-content\/uploads\/2026\/01\/sahel.webp\" class=\"attachment-post-thumbnail size-post-thumbnail wp-post-image\" alt=\"\" srcset=\"https:\/\/staging.ipa-aip.org\/wp-content\/uploads\/2026\/01\/sahel.webp 1920w, https:\/\/staging.ipa-aip.org\/wp-content\/uploads\/2026\/01\/sahel-300x169.webp 300w, https:\/\/staging.ipa-aip.org\/wp-content\/uploads\/2026\/01\/sahel-1024x576.webp 1024w, https:\/\/staging.ipa-aip.org\/wp-content\/uploads\/2026\/01\/sahel-768x432.webp 768w, https:\/\/staging.ipa-aip.org\/wp-content\/uploads\/2026\/01\/sahel-1536x864.webp 1536w\" sizes=\"auto, (max-width: 1920px) 100vw, 1920px\" \/><div class='content-holder'><div class='content'><h2>Voces del Sahel<\/h2><div class='wp-block-button is-style-outline'><a href='https:\/\/staging.ipa-aip.org\/es\/campaign\/voces-del-sahel\/' class='wp-block-button__link has-palette-color-2-color has-palette-color-8-background-color has-text-color has-background has-link-color has-border-color has-normal-font-size has-custom-font-size wp-element-button' style='border-color:var(--theme-palette-color-8, #ffffff);border-top-left-radius:8px;border-top-right-radius:8px;border-bottom-left-radius:8px;border-bottom-right-radius:8px;padding-top:var(--wp--preset--spacing--10);padding-right:var(--wp--preset--spacing--50);padding-bottom:var(--wp--preset--spacing--10);padding-left:var(--wp--preset--spacing--50);font-style:normal;font-weight:700'>LEER M\u00c1S<\/a><\/div><\/div><\/div><\/div><\/div><div class='slide'><div class='holder'><img loading=\"lazy\" decoding=\"async\" width=\"2560\" height=\"853\" src=\"https:\/\/staging.ipa-aip.org\/wp-content\/uploads\/2026\/01\/cuba-scaled.webp\" class=\"attachment-post-thumbnail size-post-thumbnail wp-post-image\" alt=\"\" srcset=\"https:\/\/staging.ipa-aip.org\/wp-content\/uploads\/2026\/01\/cuba-scaled.webp 2560w, https:\/\/staging.ipa-aip.org\/wp-content\/uploads\/2026\/01\/cuba-300x100.webp 300w, https:\/\/staging.ipa-aip.org\/wp-content\/uploads\/2026\/01\/cuba-1024x341.webp 1024w, https:\/\/staging.ipa-aip.org\/wp-content\/uploads\/2026\/01\/cuba-768x256.webp 768w, https:\/\/staging.ipa-aip.org\/wp-content\/uploads\/2026\/01\/cuba-1536x512.webp 1536w, https:\/\/staging.ipa-aip.org\/wp-content\/uploads\/2026\/01\/cuba-2048x683.webp 2048w\" sizes=\"auto, (max-width: 2560px) 100vw, 2560px\" \/><div class='content-holder'><div class='content'><h2>Cuba Vive y Resiste<\/h2><div class='wp-block-button is-style-outline'><a href='https:\/\/staging.ipa-aip.org\/es\/campaign\/cuba-vive-y-resiste\/' class='wp-block-button__link has-palette-color-2-color has-palette-color-8-background-color has-text-color has-background has-link-color has-border-color has-normal-font-size has-custom-font-size wp-element-button' style='border-color:var(--theme-palette-color-8, #ffffff);border-top-left-radius:8px;border-top-right-radius:8px;border-bottom-left-radius:8px;border-bottom-right-radius:8px;padding-top:var(--wp--preset--spacing--10);padding-right:var(--wp--preset--spacing--50);padding-bottom:var(--wp--preset--spacing--10);padding-left:var(--wp--preset--spacing--50);font-style:normal;font-weight:700'>LEER M\u00c1S<\/a><\/div><\/div><\/div><\/div><\/div><div class='custom-slider-controller'><div class='control active'><p>Libertad Pol\u00edtica para los Palestinos<\/p><\/div><div class='control'><p>Voces del Sahel<\/p><\/div><div class='control'><p>Cuba Vive y Resiste<\/p><\/div><\/div><\/div>\n<\/div>\n\n\n\n<div class=\"wp-block-group alignfull has-palette-color-15-background-color has-background is-layout-constrained wp-block-group-is-layout-constrained\" style=\"margin-top:0px;margin-bottom:0px;padding-top:var(--wp--preset--spacing--60);padding-bottom:var(--wp--preset--spacing--60)\">\n<div class=\"wp-block-columns are-vertically-aligned-center is-layout-flex wp-container-core-columns-is-layout-6d245429 wp-block-columns-is-layout-flex\" style=\"padding-top:0;padding-right:0;padding-bottom:0;padding-left:0\">\n<div class=\"wp-block-column is-vertically-aligned-center is-layout-flow wp-container-core-column-is-layout-5dafc681 wp-block-column-is-layout-flow\">\n<h2 class=\"wp-block-heading has-palette-color-8-color has-text-color has-link-color has-sf-pro-font-family has-xxl-font-size wp-elements-2db9451efc78c45dc72737fbaf7e6a4d\" style=\"font-style:normal;font-weight:700;line-height:1\">Dilemas de la<br>Humanidad:<\/h2>\n\n\n\n<p class=\"has-palette-color-8-color has-text-color has-link-color has-p-huge-font-size wp-elements-162a933e131cc4362f929060e9397998\">Perspectivas para la Transformaci\u00f3n Social<\/p>\n\n\n\n<div class=\"wp-block-buttons is-layout-flex wp-block-buttons-is-layout-flex\">\n<div class=\"wp-block-button external-link-button\"><a class=\"wp-block-button__link has-palette-color-1-color has-palette-color-8-background-color has-text-color has-background has-link-color has-normal-font-size has-custom-font-size wp-element-button\" href=\"https:\/\/dilemmasofhumanity.org\/\" style=\"border-top-left-radius:8px;border-top-right-radius:8px;border-bottom-left-radius:8px;border-bottom-right-radius:8px;font-style:normal;font-weight:600;text-transform:uppercase\" target=\"_blank\" rel=\"noreferrer noopener\">Sitio Oficial<\/a><\/div>\n<\/div>\n<\/div>\n\n\n\n<div class=\"wp-block-column is-vertically-aligned-center is-layout-flow wp-block-column-is-layout-flow\">\n<figure class=\"wp-block-image size-large\"><img loading=\"lazy\" decoding=\"async\" width=\"798\" height=\"1024\" src=\"https:\/\/staging.ipa-aip.org\/wp-content\/uploads\/2026\/01\/1f7005eaa914a4e19b34bc4c3507cd1e3d4b51d1-798x1024.webp\" alt=\"\" class=\"wp-image-274\" srcset=\"https:\/\/staging.ipa-aip.org\/wp-content\/uploads\/2026\/01\/1f7005eaa914a4e19b34bc4c3507cd1e3d4b51d1-798x1024.webp 798w, https:\/\/staging.ipa-aip.org\/wp-content\/uploads\/2026\/01\/1f7005eaa914a4e19b34bc4c3507cd1e3d4b51d1-234x300.webp 234w, https:\/\/staging.ipa-aip.org\/wp-content\/uploads\/2026\/01\/1f7005eaa914a4e19b34bc4c3507cd1e3d4b51d1-768x985.webp 768w, https:\/\/staging.ipa-aip.org\/wp-content\/uploads\/2026\/01\/1f7005eaa914a4e19b34bc4c3507cd1e3d4b51d1.webp 828w\" sizes=\"auto, (max-width: 798px) 100vw, 798px\" \/><\/figure>\n<\/div>\n<\/div>\n<\/div>\n","protected":false},"excerpt":{"rendered":"<p>ACCIONES PLATAFORMA POL\u00cdTICA La humanidad enfrenta una profunda crisis capitalista de desigualdad, guerra y colapso ecol\u00f3gico. En su Plataforma Pol\u00edtica, la AIP presenta reflexiones y propuestas basadas en la unidad, la formaci\u00f3n pol\u00edtica y la solidaridad internacional para derrotar al imperialismo, avanzar hacia el socialismo y abrir un camino de emancipaci\u00f3n humana. El capitalismo enfrenta [&hellip;]<\/p>\n","protected":false},"author":1,"featured_media":0,"parent":0,"menu_order":0,"comment_status":"closed","ping_status":"closed","template":"","meta":{"_acf_changed":false,"footnotes":""},"class_list":["post-1090","page","type-page","status-publish","hentry"],"blocksy_meta":{"has_hero_section":"disabled","vertical_spacing_source":"custom","content_area_spacing":"none","styles_descriptor":{"styles":{"desktop":"","tablet":"","mobile":""},"google_fonts":[],"version":6}},"acf":[],"_links":{"self":[{"href":"https:\/\/staging.ipa-aip.org\/es\/wp-json\/wp\/v2\/pages\/1090","targetHints":{"allow":["GET"]}}],"collection":[{"href":"https:\/\/staging.ipa-aip.org\/es\/wp-json\/wp\/v2\/pages"}],"about":[{"href":"https:\/\/staging.ipa-aip.org\/es\/wp-json\/wp\/v2\/types\/page"}],"author":[{"embeddable":true,"href":"https:\/\/staging.ipa-aip.org\/es\/wp-json\/wp\/v2\/users\/1"}],"replies":[{"embeddable":true,"href":"https:\/\/staging.ipa-aip.org\/es\/wp-json\/wp\/v2\/comments?post=1090"}],"version-history":[{"count":4,"href":"https:\/\/staging.ipa-aip.org\/es\/wp-json\/wp\/v2\/pages\/1090\/revisions"}],"predecessor-version":[{"id":7934,"href":"https:\/\/staging.ipa-aip.org\/es\/wp-json\/wp\/v2\/pages\/1090\/revisions\/7934"}],"wp:attachment":[{"href":"https:\/\/staging.ipa-aip.org\/es\/wp-json\/wp\/v2\/media?parent=1090"}],"curies":[{"name":"wp","href":"https:\/\/api.w.org\/{rel}","templated":true}]}}