{"id":1257,"date":"2026-01-27T20:35:33","date_gmt":"2026-01-27T20:35:33","guid":{"rendered":"https:\/\/staging.ipa-aip.org\/campanas-de-solidaridad\/"},"modified":"2026-03-07T02:06:49","modified_gmt":"2026-03-07T02:06:49","slug":"campanas-de-solidaridad","status":"publish","type":"page","link":"https:\/\/staging.ipa-aip.org\/es\/campanas-de-solidaridad\/","title":{"rendered":"Campa\u00f1as de Solidaridad"},"content":{"rendered":"\n<div class=\"wp-block-group alignfull has-palette-color-1-background-color has-background is-layout-constrained wp-block-group-is-layout-constrained\" style=\"margin-top:0px;margin-bottom:0px\">\n<div class=\"wp-block-group is-vertical is-layout-flex wp-container-core-group-is-layout-d6b9ab57 wp-block-group-is-layout-flex\" style=\"min-height:100vh\">\n<h2 class=\"wp-block-heading has-palette-color-8-color has-text-color has-link-color has-aip-font-size wp-elements-7aee53794b7fa0be945dc9e5d119c608\" style=\"font-style:normal;font-weight:1000;line-height:1\">Campa\u00f1as de Solidaridad<br\/>CAMPA\u00d1AS DE SOLIDARIEDAD<br\/><br\/><\/h2>\n<\/div>\n<\/div>\n\n<div class=\"wp-block-group alignfull is-layout-constrained wp-block-group-is-layout-constrained\" style=\"padding-top:0px;padding-bottom:0px\">\n<div data-id=\"07b6e2fd\" class=\"wp-block-blocksy-query campaigns-archive\"><div class=\"ct-query-template-default is-layout-flow\"><article class=\"wp-block-post is-layout-flow post-7900 campaign type-campaign status-publish has-post-thumbnail hentry\">\n<div data-block=\"hook:380\" class=\"alignfull\"><article id=\"post-380\" class=\"post-380\"><div class=\"entry-content is-layout-constrained\">\n<div class='campaign-box hide_title' >  <img loading=\"lazy\" decoding=\"async\" width=\"1828\" height=\"1290\" src=\"https:\/\/staging.ipa-aip.org\/wp-content\/uploads\/2026\/04\/ES-Banner.png\" class=\"attachment-post-thumbnail size-post-thumbnail wp-post-image\" alt=\"\" srcset=\"https:\/\/staging.ipa-aip.org\/wp-content\/uploads\/2026\/04\/ES-Banner.png 1828w, https:\/\/staging.ipa-aip.org\/wp-content\/uploads\/2026\/04\/ES-Banner-300x212.png 300w, https:\/\/staging.ipa-aip.org\/wp-content\/uploads\/2026\/04\/ES-Banner-1024x723.png 1024w, https:\/\/staging.ipa-aip.org\/wp-content\/uploads\/2026\/04\/ES-Banner-768x542.png 768w, https:\/\/staging.ipa-aip.org\/wp-content\/uploads\/2026\/04\/ES-Banner-1536x1084.png 1536w\" sizes=\"auto, (max-width: 1828px) 100vw, 1828px\" \/>  <div class=\"holder\">\n    <a href=\"https:\/\/staging.ipa-aip.org\/es\/campaign\/libertad-politica-para-los-palestinos\/\"><h2>Libertad Pol\u00edtica para los Palestinos<\/h2><\/a>\n    <p>El sistema penitenciario israel\u00ed es una de las armas m\u00e1s sofisticadas del sionismo. El encarcelamiento masivo funciona como una estrategia contrarrevolucionaria destinada a desmantelar sistem\u00e1ticamente la organizaci\u00f3n pol\u00edtica palestina, neutralizar el liderazgo y quebrar la capacidad colectiva del pueblo palestino para resistir la dominaci\u00f3n colonial de los colonos.<\/p>\n    <div class=\"wp-block-button\"><a class=\"wp-block-button__link wp-element-button\" href=\"https:\/\/staging.ipa-aip.org\/es\/campaign\/libertad-politica-para-los-palestinos\/\" style=\"border-top-left-radius:8px;border-top-right-radius:8px;border-bottom-left-radius:8px;border-bottom-right-radius:8px\">LEER M\u00c1S<\/a><\/div>\n    <\/div>\n<\/div>\n<\/div><\/article><\/div>\n<\/article><article class=\"wp-block-post is-layout-flow post-1511 campaign type-campaign status-publish has-post-thumbnail hentry\">\n<div data-block=\"hook:380\" class=\"alignfull\"><article id=\"post-380\" class=\"post-380\"><div class=\"entry-content is-layout-constrained\">\n<div class='campaign-box' >  <img loading=\"lazy\" decoding=\"async\" width=\"2560\" height=\"853\" src=\"https:\/\/staging.ipa-aip.org\/wp-content\/uploads\/2026\/01\/cuba-scaled.webp\" class=\"attachment-post-thumbnail size-post-thumbnail wp-post-image\" alt=\"\" srcset=\"https:\/\/staging.ipa-aip.org\/wp-content\/uploads\/2026\/01\/cuba-scaled.webp 2560w, https:\/\/staging.ipa-aip.org\/wp-content\/uploads\/2026\/01\/cuba-300x100.webp 300w, https:\/\/staging.ipa-aip.org\/wp-content\/uploads\/2026\/01\/cuba-1024x341.webp 1024w, https:\/\/staging.ipa-aip.org\/wp-content\/uploads\/2026\/01\/cuba-768x256.webp 768w, https:\/\/staging.ipa-aip.org\/wp-content\/uploads\/2026\/01\/cuba-1536x512.webp 1536w, https:\/\/staging.ipa-aip.org\/wp-content\/uploads\/2026\/01\/cuba-2048x683.webp 2048w\" sizes=\"auto, (max-width: 2560px) 100vw, 2560px\" \/>  <div class=\"holder\">\n    <a href=\"https:\/\/staging.ipa-aip.org\/es\/campaign\/cuba-vive-y-resiste\/\"><h2>Cuba Vive y Resiste<\/h2><\/a>\n    <p>Campa\u00f1a de solidaridad por el fin al bloqueo de EE. UU. y por la soberan\u00eda de Cuba<\/p>\n    <div class=\"wp-block-button\"><a class=\"wp-block-button__link wp-element-button\" href=\"https:\/\/staging.ipa-aip.org\/es\/campaign\/cuba-vive-y-resiste\/\" style=\"border-top-left-radius:8px;border-top-right-radius:8px;border-bottom-left-radius:8px;border-bottom-right-radius:8px\">LEER M\u00c1S<\/a><\/div>\n    <\/div>\n<\/div>\n<\/div><\/article><\/div>\n<\/article><article class=\"wp-block-post is-layout-flow post-1495 campaign type-campaign status-publish has-post-thumbnail hentry\">\n<div data-block=\"hook:380\" class=\"alignfull\"><article id=\"post-380\" class=\"post-380\"><div class=\"entry-content is-layout-constrained\">\n<div class='campaign-box' >  <img loading=\"lazy\" decoding=\"async\" width=\"1366\" height=\"768\" src=\"https:\/\/staging.ipa-aip.org\/wp-content\/uploads\/2026\/01\/temp.webp\" class=\"attachment-post-thumbnail size-post-thumbnail wp-post-image\" alt=\"\" srcset=\"https:\/\/staging.ipa-aip.org\/wp-content\/uploads\/2026\/01\/temp.webp 1366w, https:\/\/staging.ipa-aip.org\/wp-content\/uploads\/2026\/01\/temp-300x169.webp 300w, https:\/\/staging.ipa-aip.org\/wp-content\/uploads\/2026\/01\/temp-1024x576.webp 1024w, https:\/\/staging.ipa-aip.org\/wp-content\/uploads\/2026\/01\/temp-768x432.webp 768w\" sizes=\"auto, (max-width: 1366px) 100vw, 1366px\" \/>  <div class=\"holder\">\n    <a href=\"https:\/\/staging.ipa-aip.org\/es\/campaign\/el-imperialismo-destruye-el-pueblo-haitiano-construye\/\"><h2>EL IMPERIALISMO DESTRUYE, EL PUEBLO HAITIANO CONSTRUYE<\/h2><\/a>\n    <p>EL IMPERIALISMO DESTRUYE, EL PUEBLO HAITIANO CONSTRUYE En los \u00faltimos a\u00f1os, el pueblo haitiano ha enfrentado un asedio constante del imperialismo norteamericano y la complicidad de las derechas del mundo. Hoy, Puerto Pr\u00edncipe, capital del pa\u00eds, se encuentra bajo control de bandas armadas que desplazan comunidades enteras y como consecuencia se multiplican campamentos improvisados en [&hellip;]<\/p>\n    <div class=\"wp-block-button\"><a class=\"wp-block-button__link wp-element-button\" href=\"https:\/\/staging.ipa-aip.org\/es\/campaign\/el-imperialismo-destruye-el-pueblo-haitiano-construye\/\" style=\"border-top-left-radius:8px;border-top-right-radius:8px;border-bottom-left-radius:8px;border-bottom-right-radius:8px\">LEER M\u00c1S<\/a><\/div>\n    <\/div>\n<\/div>\n<\/div><\/article><\/div>\n<\/article><article class=\"wp-block-post is-layout-flow post-1557 campaign type-campaign status-publish has-post-thumbnail hentry\">\n<div data-block=\"hook:380\" class=\"alignfull\"><article id=\"post-380\" class=\"post-380\"><div class=\"entry-content is-layout-constrained\">\n<div class='campaign-box' >  <img loading=\"lazy\" decoding=\"async\" width=\"1920\" height=\"1080\" src=\"https:\/\/staging.ipa-aip.org\/wp-content\/uploads\/2026\/01\/sahel.webp\" class=\"attachment-post-thumbnail size-post-thumbnail wp-post-image\" alt=\"\" srcset=\"https:\/\/staging.ipa-aip.org\/wp-content\/uploads\/2026\/01\/sahel.webp 1920w, https:\/\/staging.ipa-aip.org\/wp-content\/uploads\/2026\/01\/sahel-300x169.webp 300w, https:\/\/staging.ipa-aip.org\/wp-content\/uploads\/2026\/01\/sahel-1024x576.webp 1024w, https:\/\/staging.ipa-aip.org\/wp-content\/uploads\/2026\/01\/sahel-768x432.webp 768w, https:\/\/staging.ipa-aip.org\/wp-content\/uploads\/2026\/01\/sahel-1536x864.webp 1536w\" sizes=\"auto, (max-width: 1920px) 100vw, 1920px\" \/>  <div class=\"holder\">\n    <a href=\"https:\/\/staging.ipa-aip.org\/es\/campaign\/voces-del-sahel\/\"><h2>Voces del Sahel<\/h2><\/a>\n    <p>Una serie para entender sobre resistencia, soberan\u00eda y futuro<\/p>\n    <div class=\"wp-block-button\"><a class=\"wp-block-button__link wp-element-button\" href=\"https:\/\/staging.ipa-aip.org\/es\/campaign\/voces-del-sahel\/\" style=\"border-top-left-radius:8px;border-top-right-radius:8px;border-bottom-left-radius:8px;border-bottom-right-radius:8px\">LEER M\u00c1S<\/a><\/div>\n    <\/div>\n<\/div>\n<\/div><\/article><\/div>\n<\/article><\/div><style>[data-id='07b6e2fd'] :where(.is-layout-flow > *) {margin-block-end:var(--wp--preset--spacing--60);}<\/style><\/div>\n<\/div>\n","protected":false},"excerpt":{"rendered":"<p>Campa\u00f1as de SolidaridadCAMPA\u00d1AS DE SOLIDARIEDAD<\/p>\n","protected":false},"author":1,"featured_media":0,"parent":0,"menu_order":0,"comment_status":"closed","ping_status":"closed","template":"","meta":{"_acf_changed":false,"footnotes":""},"class_list":["post-1257","page","type-page","status-publish","hentry"],"blocksy_meta":{"has_hero_section":"disabled","vertical_spacing_source":"custom","content_area_spacing":"none","styles_descriptor":{"styles":{"desktop":"","tablet":"","mobile":""},"google_fonts":[],"version":6}},"acf":[],"_links":{"self":[{"href":"https:\/\/staging.ipa-aip.org\/es\/wp-json\/wp\/v2\/pages\/1257","targetHints":{"allow":["GET"]}}],"collection":[{"href":"https:\/\/staging.ipa-aip.org\/es\/wp-json\/wp\/v2\/pages"}],"about":[{"href":"https:\/\/staging.ipa-aip.org\/es\/wp-json\/wp\/v2\/types\/page"}],"author":[{"embeddable":true,"href":"https:\/\/staging.ipa-aip.org\/es\/wp-json\/wp\/v2\/users\/1"}],"replies":[{"embeddable":true,"href":"https:\/\/staging.ipa-aip.org\/es\/wp-json\/wp\/v2\/comments?post=1257"}],"version-history":[{"count":1,"href":"https:\/\/staging.ipa-aip.org\/es\/wp-json\/wp\/v2\/pages\/1257\/revisions"}],"predecessor-version":[{"id":1258,"href":"https:\/\/staging.ipa-aip.org\/es\/wp-json\/wp\/v2\/pages\/1257\/revisions\/1258"}],"wp:attachment":[{"href":"https:\/\/staging.ipa-aip.org\/es\/wp-json\/wp\/v2\/media?parent=1257"}],"curies":[{"name":"wp","href":"https:\/\/api.w.org\/{rel}","templated":true}]}}