{"id":1261,"date":"2026-01-27T20:35:33","date_gmt":"2026-01-27T20:35:33","guid":{"rendered":"https:\/\/staging.ipa-aip.org\/campagnes-de-solidarite\/"},"modified":"2026-03-07T02:08:27","modified_gmt":"2026-03-07T02:08:27","slug":"campagnes-de-solidarite","status":"publish","type":"page","link":"https:\/\/staging.ipa-aip.org\/fr\/campagnes-de-solidarite\/","title":{"rendered":"Campagnes de Solidarit\u00e9"},"content":{"rendered":"\n<div class=\"wp-block-group alignfull has-palette-color-1-background-color has-background is-layout-constrained wp-block-group-is-layout-constrained\" style=\"margin-top:0px;margin-bottom:0px\">\n<div class=\"wp-block-group is-vertical is-layout-flex wp-container-core-group-is-layout-d6b9ab57 wp-block-group-is-layout-flex\" style=\"min-height:100vh\">\n<h2 class=\"wp-block-heading has-palette-color-8-color has-text-color has-link-color has-aip-font-size wp-elements-682766a370b57299ca4c683740c9d627\" style=\"font-style:normal;font-weight:1000;line-height:1\">CAMPAGNES<br\/>DE SOLIDARIT\u00c9<\/h2>\n<\/div>\n<\/div>\n\n<div class=\"wp-block-group alignfull is-layout-constrained wp-block-group-is-layout-constrained\" style=\"padding-top:0px;padding-bottom:0px\">\n<div data-id=\"07b6e2fd\" class=\"wp-block-blocksy-query campaigns-archive\"><div class=\"ct-query-template-default is-layout-flow\"><article class=\"wp-block-post is-layout-flow post-7879 campaign type-campaign status-publish has-post-thumbnail hentry\">\n<div data-block=\"hook:380\" class=\"alignfull\"><article id=\"post-380\" class=\"post-380\"><div class=\"entry-content is-layout-constrained\">\n<div class='campaign-box hide_title' >  <img loading=\"lazy\" decoding=\"async\" width=\"2560\" height=\"1600\" src=\"https:\/\/staging.ipa-aip.org\/wp-content\/uploads\/2026\/04\/Newsletter-Banner-scaled.png\" class=\"attachment-post-thumbnail size-post-thumbnail wp-post-image\" alt=\"\" srcset=\"https:\/\/staging.ipa-aip.org\/wp-content\/uploads\/2026\/04\/Newsletter-Banner-scaled.png 2560w, https:\/\/staging.ipa-aip.org\/wp-content\/uploads\/2026\/04\/Newsletter-Banner-300x187.png 300w, https:\/\/staging.ipa-aip.org\/wp-content\/uploads\/2026\/04\/Newsletter-Banner-1024x640.png 1024w, https:\/\/staging.ipa-aip.org\/wp-content\/uploads\/2026\/04\/Newsletter-Banner-768x480.png 768w, https:\/\/staging.ipa-aip.org\/wp-content\/uploads\/2026\/04\/Newsletter-Banner-1536x960.png 1536w, https:\/\/staging.ipa-aip.org\/wp-content\/uploads\/2026\/04\/Newsletter-Banner-2048x1280.png 2048w\" sizes=\"auto, (max-width: 2560px) 100vw, 2560px\" \/>  <div class=\"holder\">\n    <a href=\"https:\/\/staging.ipa-aip.org\/fr\/campaign\/political-rights-for-palestinians\/\"><h2>Political Rights for Palestinians<\/h2><\/a>\n    <p>The Israeli prison system is one of the most refined weapons of Zionism. Mass imprisonment functions as a counter-revolutionary strategy aimed at systematically dismantling Palestinian political organization, neutralizing leadership, and breaking the collective capacity of the Palestinian people to resist settler-colonial domination.<\/p>\n    <div class=\"wp-block-button\"><a class=\"wp-block-button__link wp-element-button\" href=\"https:\/\/staging.ipa-aip.org\/fr\/campaign\/political-rights-for-palestinians\/\" style=\"border-top-left-radius:8px;border-top-right-radius:8px;border-bottom-left-radius:8px;border-bottom-right-radius:8px\">En savoir plus<\/a><\/div>\n    <\/div>\n<\/div>\n<\/div><\/article><\/div>\n<\/article><article class=\"wp-block-post is-layout-flow post-1534 campaign type-campaign status-publish has-post-thumbnail hentry\">\n<div data-block=\"hook:380\" class=\"alignfull\"><article id=\"post-380\" class=\"post-380\"><div class=\"entry-content is-layout-constrained\">\n<div class='campaign-box' >  <img loading=\"lazy\" decoding=\"async\" width=\"2560\" height=\"853\" src=\"https:\/\/staging.ipa-aip.org\/wp-content\/uploads\/2026\/01\/cuba-scaled.webp\" class=\"attachment-post-thumbnail size-post-thumbnail wp-post-image\" alt=\"\" srcset=\"https:\/\/staging.ipa-aip.org\/wp-content\/uploads\/2026\/01\/cuba-scaled.webp 2560w, https:\/\/staging.ipa-aip.org\/wp-content\/uploads\/2026\/01\/cuba-300x100.webp 300w, https:\/\/staging.ipa-aip.org\/wp-content\/uploads\/2026\/01\/cuba-1024x341.webp 1024w, https:\/\/staging.ipa-aip.org\/wp-content\/uploads\/2026\/01\/cuba-768x256.webp 768w, https:\/\/staging.ipa-aip.org\/wp-content\/uploads\/2026\/01\/cuba-1536x512.webp 1536w, https:\/\/staging.ipa-aip.org\/wp-content\/uploads\/2026\/01\/cuba-2048x683.webp 2048w\" sizes=\"auto, (max-width: 2560px) 100vw, 2560px\" \/>  <div class=\"holder\">\n    <a href=\"https:\/\/staging.ipa-aip.org\/fr\/campaign\/cuba-vit-et-resiste\/\"><h2>Cuba vit et r\u00e9siste<\/h2><\/a>\n    <p>Campagne de solidarit\u00e9 pour la fin du blocus des \u00c9tats-Unis et pour la souverainet\u00e9 de Cuba<\/p>\n    <div class=\"wp-block-button\"><a class=\"wp-block-button__link wp-element-button\" href=\"https:\/\/staging.ipa-aip.org\/fr\/campaign\/cuba-vit-et-resiste\/\" style=\"border-top-left-radius:8px;border-top-right-radius:8px;border-bottom-left-radius:8px;border-bottom-right-radius:8px\">En savoir plus<\/a><\/div>\n    <\/div>\n<\/div>\n<\/div><\/article><\/div>\n<\/article><article class=\"wp-block-post is-layout-flow post-175 campaign type-campaign status-publish has-post-thumbnail hentry\">\n<div data-block=\"hook:380\" class=\"alignfull\"><article id=\"post-380\" class=\"post-380\"><div class=\"entry-content is-layout-constrained\">\n<div class='campaign-box' >  <img loading=\"lazy\" decoding=\"async\" width=\"1366\" height=\"768\" src=\"https:\/\/staging.ipa-aip.org\/wp-content\/uploads\/2026\/01\/temp.webp\" class=\"attachment-post-thumbnail size-post-thumbnail wp-post-image\" alt=\"\" srcset=\"https:\/\/staging.ipa-aip.org\/wp-content\/uploads\/2026\/01\/temp.webp 1366w, https:\/\/staging.ipa-aip.org\/wp-content\/uploads\/2026\/01\/temp-300x169.webp 300w, https:\/\/staging.ipa-aip.org\/wp-content\/uploads\/2026\/01\/temp-1024x576.webp 1024w, https:\/\/staging.ipa-aip.org\/wp-content\/uploads\/2026\/01\/temp-768x432.webp 768w\" sizes=\"auto, (max-width: 1366px) 100vw, 1366px\" \/>  <div class=\"holder\">\n    <a href=\"https:\/\/staging.ipa-aip.org\/fr\/campaign\/us-imperialism-destroys-the-people-of-haiti-build\/\"><h2>Us Imperialism destroys, the People of Haiti build!<\/h2><\/a>\n    <p>US IMPERIALISM DESTROYS, THE PEOPLE OF HAITI BUILD! In recent years, the Haitian people have faced constant siege from United States imperialism and the complicity of right-wing forces across the world. Today, Port-au-Prince, the nation\u2019s capital, is under the control of armed gangs that displace entire communities. As a consequence, improvised camps are multiplying under [&hellip;]<\/p>\n    <div class=\"wp-block-button\"><a class=\"wp-block-button__link wp-element-button\" href=\"https:\/\/staging.ipa-aip.org\/fr\/campaign\/us-imperialism-destroys-the-people-of-haiti-build\/\" style=\"border-top-left-radius:8px;border-top-right-radius:8px;border-bottom-left-radius:8px;border-bottom-right-radius:8px\">En savoir plus<\/a><\/div>\n    <\/div>\n<\/div>\n<\/div><\/article><\/div>\n<\/article><article class=\"wp-block-post is-layout-flow post-176 campaign type-campaign status-publish has-post-thumbnail hentry\">\n<div data-block=\"hook:380\" class=\"alignfull\"><article id=\"post-380\" class=\"post-380\"><div class=\"entry-content is-layout-constrained\">\n<div class='campaign-box' >  <img loading=\"lazy\" decoding=\"async\" width=\"1920\" height=\"1080\" src=\"https:\/\/staging.ipa-aip.org\/wp-content\/uploads\/2026\/01\/sahel.webp\" class=\"attachment-post-thumbnail size-post-thumbnail wp-post-image\" alt=\"\" srcset=\"https:\/\/staging.ipa-aip.org\/wp-content\/uploads\/2026\/01\/sahel.webp 1920w, https:\/\/staging.ipa-aip.org\/wp-content\/uploads\/2026\/01\/sahel-300x169.webp 300w, https:\/\/staging.ipa-aip.org\/wp-content\/uploads\/2026\/01\/sahel-1024x576.webp 1024w, https:\/\/staging.ipa-aip.org\/wp-content\/uploads\/2026\/01\/sahel-768x432.webp 768w, https:\/\/staging.ipa-aip.org\/wp-content\/uploads\/2026\/01\/sahel-1536x864.webp 1536w\" sizes=\"auto, (max-width: 1920px) 100vw, 1920px\" \/>  <div class=\"holder\">\n    <a href=\"https:\/\/staging.ipa-aip.org\/fr\/campaign\/voices-from-the-sahel\/\"><h2>Voices from the Sahel<\/h2><\/a>\n    <p>A series to understand resistance, sovereignty, and the future<\/p>\n    <div class=\"wp-block-button\"><a class=\"wp-block-button__link wp-element-button\" href=\"https:\/\/staging.ipa-aip.org\/fr\/campaign\/voices-from-the-sahel\/\" style=\"border-top-left-radius:8px;border-top-right-radius:8px;border-bottom-left-radius:8px;border-bottom-right-radius:8px\">En savoir plus<\/a><\/div>\n    <\/div>\n<\/div>\n<\/div><\/article><\/div>\n<\/article><\/div><style>[data-id='07b6e2fd'] :where(.is-layout-flow > *) {margin-block-end:var(--wp--preset--spacing--60);}<\/style><\/div>\n<\/div>\n","protected":false},"excerpt":{"rendered":"<p>CAMPAGNESDE SOLIDARIT\u00c9<\/p>\n","protected":false},"author":1,"featured_media":0,"parent":0,"menu_order":0,"comment_status":"closed","ping_status":"closed","template":"","meta":{"_acf_changed":false,"footnotes":""},"class_list":["post-1261","page","type-page","status-publish","hentry"],"blocksy_meta":{"has_hero_section":"disabled","vertical_spacing_source":"custom","content_area_spacing":"none","styles_descriptor":{"styles":{"desktop":"","tablet":"","mobile":""},"google_fonts":[],"version":6}},"acf":[],"_links":{"self":[{"href":"https:\/\/staging.ipa-aip.org\/fr\/wp-json\/wp\/v2\/pages\/1261","targetHints":{"allow":["GET"]}}],"collection":[{"href":"https:\/\/staging.ipa-aip.org\/fr\/wp-json\/wp\/v2\/pages"}],"about":[{"href":"https:\/\/staging.ipa-aip.org\/fr\/wp-json\/wp\/v2\/types\/page"}],"author":[{"embeddable":true,"href":"https:\/\/staging.ipa-aip.org\/fr\/wp-json\/wp\/v2\/users\/1"}],"replies":[{"embeddable":true,"href":"https:\/\/staging.ipa-aip.org\/fr\/wp-json\/wp\/v2\/comments?post=1261"}],"version-history":[{"count":1,"href":"https:\/\/staging.ipa-aip.org\/fr\/wp-json\/wp\/v2\/pages\/1261\/revisions"}],"predecessor-version":[{"id":1262,"href":"https:\/\/staging.ipa-aip.org\/fr\/wp-json\/wp\/v2\/pages\/1261\/revisions\/1262"}],"wp:attachment":[{"href":"https:\/\/staging.ipa-aip.org\/fr\/wp-json\/wp\/v2\/media?parent=1261"}],"curies":[{"name":"wp","href":"https:\/\/api.w.org\/{rel}","templated":true}]}}